{"id":9,"date":"2022-10-30T11:29:28","date_gmt":"2022-10-30T11:29:28","guid":{"rendered":"https:\/\/mayas-lichtinsel.ch\/?page_id=9"},"modified":"2022-10-30T11:29:28","modified_gmt":"2022-10-30T11:29:28","slug":"elise-mila-behandlung","status":"publish","type":"page","link":"https:\/\/mayas-lichtinsel.ch\/?page_id=9","title":{"rendered":"Elise Mila Behandlung"},"content":{"rendered":"\n<p>ELISE STEHT F\u00dcR DIE ELISE ENGEL<br>MILA STEHT F\u00dcR IMPULS<br>Elise-Mila ist eine Energie\u00fcbertragung mit den Fingerspitzen \u00fcber den Herzmeridian, der mit den anderen Meridianen verbunden ist. Jeder Mensch bringt grundlegende Lebensenergie mit wenn er auf diese Erde kommt, die sich aber im Laufe des Lebens verbraucht. Diese Lebensenergie wird mit<br>Elise Mila wieder aufgef\u00fcllt.<br><\/p>\n\n\n\n<p>DIE ELISE-ENERGIE IST PURE LEBENSENERGIE<br>Durch die Mila-Impulswellen werden die Energiebahnen \u00fcber bestimmte Meridianpunkte am physischen K\u00f6rper aktiviert und ausgedehnt. Der K\u00f6rper und die Seele k\u00f6nnen die Elise-Energie direkt aufnehmen. Es entsteht immer mehr ein reger und positiver Austausch der Energien zwischen K\u00f6rper und Seele.<br>Die Elise-Energie wirkt verbindend, ausgleichend, erdend und zugleich erhebend. Dein K\u00f6rper f\u00fchlt sich wohl, deine Seele<br>tanzt und die Energie der Freude und der puren Lust am Leben kann fliessen.<br>Die Elise-Mila-Sitzung eignet sich z.B. bei allgemeinen Ersch\u00f6pfungszust\u00e4nden, wenn jemand kaum Lebensfreude empfindet oder depressiv ist, heftigen Emotionen wie \u00c4ngsten und Trauer, schweren oder langen Krankheiten.<br><br>Eine Sitzung dauert ca. 30-40 Minuten.<br><br>Wussten Sie, dass Ludwig van Beethoven 1810 sein St\u00fcck &#8222;F\u00fcr Elise&#8220; so genannt hat, weil ihm die geistige Welt die Tonfolge der Elise-Energie \u00fcbermittelt hat? Beethoven schrieb &#8222;F\u00fcr Elise&#8220; als erstes St\u00fcck, nachdem er vollst\u00e4ndig taub geworden war. Er h\u00f6rte die T\u00f6ne innerlich und er schrieb es f\u00fcr die Menschen, f\u00fcr die &#8222;Lebensenergie&#8220; und nicht etwa f\u00fcr eine Frau namens Elise.<\/p>\n","protected":false},"excerpt":{"rendered":"<p>ELISE STEHT F\u00dcR DIE ELISE ENGELMILA STEHT F\u00dcR IMPULSElise-Mila ist eine Energie\u00fcbertragung mit den Fingerspitzen \u00fcber den Herzmeridian, der mit den anderen Meridianen verbunden ist. Jeder Mensch bringt grundlegende Lebensenergie mit wenn er auf diese Erde kommt, die sich aber im Laufe des Lebens verbraucht. Diese Lebensenergie wird mitElise Mila wieder aufgef\u00fcllt. DIE ELISE-ENERGIE IST <a class=\"read-more\" href=\"https:\/\/mayas-lichtinsel.ch\/?page_id=9\">READ MORE<\/a><\/p>\n","protected":false},"author":1,"featured_media":0,"parent":0,"menu_order":0,"comment_status":"closed","ping_status":"closed","template":"","meta":{"footnotes":""},"class_list":["post-9","page","type-page","status-publish","hentry"],"_links":{"self":[{"href":"https:\/\/mayas-lichtinsel.ch\/index.php?rest_route=\/wp\/v2\/pages\/9","targetHints":{"allow":["GET"]}}],"collection":[{"href":"https:\/\/mayas-lichtinsel.ch\/index.php?rest_route=\/wp\/v2\/pages"}],"about":[{"href":"https:\/\/mayas-lichtinsel.ch\/index.php?rest_route=\/wp\/v2\/types\/page"}],"author":[{"embeddable":true,"href":"https:\/\/mayas-lichtinsel.ch\/index.php?rest_route=\/wp\/v2\/users\/1"}],"replies":[{"embeddable":true,"href":"https:\/\/mayas-lichtinsel.ch\/index.php?rest_route=%2Fwp%2Fv2%2Fcomments&post=9"}],"version-history":[{"count":1,"href":"https:\/\/mayas-lichtinsel.ch\/index.php?rest_route=\/wp\/v2\/pages\/9\/revisions"}],"predecessor-version":[{"id":10,"href":"https:\/\/mayas-lichtinsel.ch\/index.php?rest_route=\/wp\/v2\/pages\/9\/revisions\/10"}],"wp:attachment":[{"href":"https:\/\/mayas-lichtinsel.ch\/index.php?rest_route=%2Fwp%2Fv2%2Fmedia&parent=9"}],"curies":[{"name":"wp","href":"https:\/\/api.w.org\/{rel}","templated":true}]}}