{"id":7,"date":"2022-10-30T11:28:39","date_gmt":"2022-10-30T11:28:39","guid":{"rendered":"https:\/\/mayas-lichtinsel.ch\/?page_id=7"},"modified":"2025-02-09T14:59:18","modified_gmt":"2025-02-09T14:59:18","slug":"persoenlich","status":"publish","type":"page","link":"https:\/\/mayas-lichtinsel.ch\/?page_id=7","title":{"rendered":"Pers\u00f6nlich"},"content":{"rendered":"\n<figure class=\"wp-block-image size-full\"><img decoding=\"async\" width=\"196\" height=\"233\" src=\"https:\/\/mayas-lichtinsel.ch\/wp-content\/uploads\/2025\/02\/maya.jpg\" alt=\"\" class=\"wp-image-61\"\/><\/figure>\n\n\n\n<div style=\"height:24px\" aria-hidden=\"true\" class=\"wp-block-spacer\"><\/div>\n\n\n\n<p>OMAR TA SATT<br>HERZLICH WILLKOMMEN<br><br>Mein Name ist Maya Fiona Hasenfratz, am 4. Juni 1959 habe ich das Licht der Welt erblickt. In jungen Jahren habe ich den Beruf der Hauspflegerin gelernt und sp\u00e4ter eine Ausbildung zur Kinderkrippenleiterin gemacht. Dadurch konnte ich meine Kontaktfreude bestens ausleben. Ich bin Mutter von drei wundervollen erwachsenen Kindern und Grossmutter von drei Enkelkindern. Ich lebe mit meinem lieben Mann in einem herrlichen, kleinen, \u00e4lteren Haus, umgeben von vielen Str\u00e4uchern und Blumen.<br><br>Schon immer wollte ich mehr \u00fcber unser \u201eDasein\u201c wissen. Von dem Wunsch angetrieben, das Leben und das Universum zu verstehen kam ich auf meinen pers\u00f6nlichen Weg. Ich las viele B\u00fccher und besuchte Kurse und Seminare, kam dadurch in Kontakt mit vielen Menschen.<br>Meine ersten Schritte waren die Reikiseminare. Es folgten bei Ingrid Auer die Engelkartenseminare und Ausbildungen. Eine ganz wichtige Station in meinem Leben war die Ausbildung im geistigen Heilen, im LIVITRA, bei Georg Paul Huber. Es folgten weitere verschiedene Ausbildungen.<br><br>Mit abgeschlossener Grundausbildung arbeite ich nun als Bowen Therapeutin.<br><br>\u201eWandelt mit den F\u00fcssen auf der Erde, mit dem Herzen aber seid im Himmel.<\/p>\n\n\n\n<p><\/p>\n","protected":false},"excerpt":{"rendered":"<p>OMAR TA SATTHERZLICH WILLKOMMEN Mein Name ist Maya Fiona Hasenfratz, am 4. Juni 1959 habe ich das Licht der Welt erblickt. In jungen Jahren habe ich den Beruf der Hauspflegerin gelernt und sp\u00e4ter eine Ausbildung zur Kinderkrippenleiterin gemacht. Dadurch konnte ich meine Kontaktfreude bestens ausleben. Ich bin Mutter von drei wundervollen erwachsenen Kindern und Grossmutter <a class=\"read-more\" href=\"https:\/\/mayas-lichtinsel.ch\/?page_id=7\">READ MORE<\/a><\/p>\n","protected":false},"author":1,"featured_media":0,"parent":0,"menu_order":0,"comment_status":"closed","ping_status":"closed","template":"","meta":{"footnotes":""},"class_list":["post-7","page","type-page","status-publish","hentry"],"_links":{"self":[{"href":"https:\/\/mayas-lichtinsel.ch\/index.php?rest_route=\/wp\/v2\/pages\/7","targetHints":{"allow":["GET"]}}],"collection":[{"href":"https:\/\/mayas-lichtinsel.ch\/index.php?rest_route=\/wp\/v2\/pages"}],"about":[{"href":"https:\/\/mayas-lichtinsel.ch\/index.php?rest_route=\/wp\/v2\/types\/page"}],"author":[{"embeddable":true,"href":"https:\/\/mayas-lichtinsel.ch\/index.php?rest_route=\/wp\/v2\/users\/1"}],"replies":[{"embeddable":true,"href":"https:\/\/mayas-lichtinsel.ch\/index.php?rest_route=%2Fwp%2Fv2%2Fcomments&post=7"}],"version-history":[{"count":4,"href":"https:\/\/mayas-lichtinsel.ch\/index.php?rest_route=\/wp\/v2\/pages\/7\/revisions"}],"predecessor-version":[{"id":71,"href":"https:\/\/mayas-lichtinsel.ch\/index.php?rest_route=\/wp\/v2\/pages\/7\/revisions\/71"}],"wp:attachment":[{"href":"https:\/\/mayas-lichtinsel.ch\/index.php?rest_route=%2Fwp%2Fv2%2Fmedia&parent=7"}],"curies":[{"name":"wp","href":"https:\/\/api.w.org\/{rel}","templated":true}]}}