{"id":4,"date":"2022-10-30T11:27:32","date_gmt":"2022-10-30T11:27:32","guid":{"rendered":"https:\/\/mayas-lichtinsel.ch\/?page_id=4"},"modified":"2022-10-30T11:27:32","modified_gmt":"2022-10-30T11:27:32","slug":"bowen-therapie","status":"publish","type":"page","link":"https:\/\/mayas-lichtinsel.ch\/?page_id=4","title":{"rendered":"Bowen Therapie"},"content":{"rendered":"\n<p>Die Bowen Technik ist eine Methode, die von Tom Bowen in Geelong, Australien, entwickelt wurde. Manchmal wird sie auch die &#8222;Hom\u00f6opathie der K\u00f6rperarbeit&#8220; genannt, weil mit sehr wenigen Impulsen gearbeitet wird.<\/p>\n\n\n\n<p>Diese von ihm entwickelte Technik macht sich das dynamische System von Muskeln und kontaktierendem Gewebe zu Nutze. Dabei werden dem K\u00f6rper kleine, wohl dosierte, aber oft tief greifende Impulse gegeben, um die Ressourcen der Selbstregulation anzuregen. Bei einer Bowen-Anwendung werden zwischen bestimmten Griffen obligate Pausen eingelegt, die dem K\u00f6rper Zeit geben, von jeder Griffserie optimal zu profitieren, Auf diese Art und Weise bringt die Bowen Technik dem Klienten den gr\u00f6sstm\u00f6glichen Nutzen, w\u00e4hrend sie f\u00fcr den Behandler nahezu m\u00fchelos bleibt.<\/p>\n\n\n\n<p>Bowtech<sup>\u00ae<\/sup>\u00a0\u2013 die Original Bowen Technik ist ganzheitlich, da sie sich den angeborenen Regulationsmechanismus des K\u00f6rpers zu eigen macht. Der Behandler setzt mit dem Bowen-Griff (engl.: move) am Muskel-, Faszien- und Nervensystem an bestimmten Punkten (wie Muskeln, Sehnen, B\u00e4ndern oder Nerven) Impulse. Der K\u00f6rper macht den Rest, indem er auf diese Impulse in seiner eigenen Zeit, Art und F\u00e4higkeit reagiert.<\/p>\n\n\n\n<p>(Quelle: Bowen Therapie,\u00a0<a rel=\"noreferrer noopener\" href=\"http:\/\/www.bowtech.ch\/\" target=\"_blank\">www.bowtech.ch<\/a>)<\/p>\n\n\n\n<p><em>Ich glaube, man lebt sein Erdenleben nur einmal, daher will ich jede Gelegenheit f\u00fcr gute Taten n\u00fctzen, oder Freundlichkeiten gegen\u00fcber allen Lebewesen. Ich werde nichts aufschieben oder vergessen, weil man kein zweites Mal durch dieses Leben geht.<\/em><\/p>\n\n\n\n<p>Spruch aus Tom Bowens Arbeitszimmer<\/p>\n","protected":false},"excerpt":{"rendered":"<p>Die Bowen Technik ist eine Methode, die von Tom Bowen in Geelong, Australien, entwickelt wurde. Manchmal wird sie auch die &#8222;Hom\u00f6opathie der K\u00f6rperarbeit&#8220; genannt, weil mit sehr wenigen Impulsen gearbeitet wird. Diese von ihm entwickelte Technik macht sich das dynamische System von Muskeln und kontaktierendem Gewebe zu Nutze. Dabei werden dem K\u00f6rper kleine, wohl dosierte, <a class=\"read-more\" href=\"https:\/\/mayas-lichtinsel.ch\/?page_id=4\">READ MORE<\/a><\/p>\n","protected":false},"author":1,"featured_media":0,"parent":0,"menu_order":0,"comment_status":"closed","ping_status":"closed","template":"","meta":{"footnotes":""},"class_list":["post-4","page","type-page","status-publish","hentry"],"_links":{"self":[{"href":"https:\/\/mayas-lichtinsel.ch\/index.php?rest_route=\/wp\/v2\/pages\/4","targetHints":{"allow":["GET"]}}],"collection":[{"href":"https:\/\/mayas-lichtinsel.ch\/index.php?rest_route=\/wp\/v2\/pages"}],"about":[{"href":"https:\/\/mayas-lichtinsel.ch\/index.php?rest_route=\/wp\/v2\/types\/page"}],"author":[{"embeddable":true,"href":"https:\/\/mayas-lichtinsel.ch\/index.php?rest_route=\/wp\/v2\/users\/1"}],"replies":[{"embeddable":true,"href":"https:\/\/mayas-lichtinsel.ch\/index.php?rest_route=%2Fwp%2Fv2%2Fcomments&post=4"}],"version-history":[{"count":1,"href":"https:\/\/mayas-lichtinsel.ch\/index.php?rest_route=\/wp\/v2\/pages\/4\/revisions"}],"predecessor-version":[{"id":6,"href":"https:\/\/mayas-lichtinsel.ch\/index.php?rest_route=\/wp\/v2\/pages\/4\/revisions\/6"}],"wp:attachment":[{"href":"https:\/\/mayas-lichtinsel.ch\/index.php?rest_route=%2Fwp%2Fv2%2Fmedia&parent=4"}],"curies":[{"name":"wp","href":"https:\/\/api.w.org\/{rel}","templated":true}]}}